{"id":783,"date":"2020-12-17T16:04:33","date_gmt":"2020-12-17T16:04:33","guid":{"rendered":"http:\/\/disorcafiltration.com\/?page_id=783"},"modified":"2021-03-20T10:26:38","modified_gmt":"2021-03-20T10:26:38","slug":"blog","status":"publish","type":"page","link":"https:\/\/disorcafiltration.com\/ca\/blog\/","title":{"rendered":"Blog"},"content":{"rendered":"\t\t<div data-elementor-type=\"wp-page\" data-elementor-id=\"783\" class=\"elementor elementor-783\" data-elementor-post-type=\"page\">\n\t\t\t\t\t\t<section class=\"elementor-section elementor-top-section elementor-element elementor-element-b08bc44 elementor-section-height-min-height elementor-section-boxed elementor-section-height-default elementor-section-items-middle\" data-id=\"b08bc44\" data-element_type=\"section\">\n\t\t\t\t\t\t\t<div class=\"elementor-background-overlay\"><\/div>\n\t\t\t\t\t\t\t<div class=\"elementor-container elementor-column-gap-default\">\n\t\t\t\t\t<div class=\"elementor-column elementor-col-100 elementor-top-column elementor-element elementor-element-e87ad82\" data-id=\"e87ad82\" data-element_type=\"column\">\n\t\t\t<div class=\"elementor-widget-wrap elementor-element-populated\">\n\t\t\t\t\t\t<div class=\"elementor-element elementor-element-05dae11 elementor-widget elementor-widget-heading\" data-id=\"05dae11\" data-element_type=\"widget\" data-widget_type=\"heading.default\">\n\t\t\t\t<div class=\"elementor-widget-container\">\n\t\t\t\t\t<h2 class=\"elementor-heading-title elementor-size-default\">Blog<\/h2>\t\t\t\t<\/div>\n\t\t\t\t<\/div>\n\t\t\t\t<div class=\"elementor-element elementor-element-e6fcba9 elementor-widget-divider--view-line_icon elementor-view-default elementor-widget-divider--element-align-center elementor-widget elementor-widget-divider\" data-id=\"e6fcba9\" data-element_type=\"widget\" data-widget_type=\"divider.default\">\n\t\t\t\t<div class=\"elementor-widget-container\">\n\t\t\t\t\t\t\t<div class=\"elementor-divider\">\n\t\t\t<span class=\"elementor-divider-separator\">\n\t\t\t\t\t\t\t<div class=\"elementor-icon elementor-divider__element\">\n\t\t\t\t\t<i aria-hidden=\"true\" class=\"far fa-bookmark\"><\/i><\/div>\n\t\t\t\t\t\t<\/span>\n\t\t<\/div>\n\t\t\t\t\t\t<\/div>\n\t\t\t\t<\/div>\n\t\t\t\t\t<\/div>\n\t\t<\/div>\n\t\t\t\t\t<\/div>\n\t\t<\/section>\n\t\t\t\t<section class=\"elementor-section elementor-top-section elementor-element elementor-element-ef6198a elementor-section-boxed elementor-section-height-default elementor-section-height-default\" data-id=\"ef6198a\" data-element_type=\"section\">\n\t\t\t\t\t\t<div class=\"elementor-container elementor-column-gap-wider\">\n\t\t\t\t\t<div class=\"elementor-column elementor-col-50 elementor-top-column elementor-element elementor-element-118c8be\" data-id=\"118c8be\" data-element_type=\"column\">\n\t\t\t<div class=\"elementor-widget-wrap elementor-element-populated\">\n\t\t\t\t\t\t<div class=\"elementor-element elementor-element-5642875 elementor-grid-3 elementor-grid-tablet-2 elementor-grid-mobile-1 elementor-posts--thumbnail-top elementor-widget elementor-widget-posts\" data-id=\"5642875\" data-element_type=\"widget\" data-settings=\"{&quot;classic_row_gap&quot;:{&quot;unit&quot;:&quot;px&quot;,&quot;size&quot;:77,&quot;sizes&quot;:[]},&quot;classic_columns&quot;:&quot;3&quot;,&quot;classic_columns_tablet&quot;:&quot;2&quot;,&quot;classic_columns_mobile&quot;:&quot;1&quot;,&quot;classic_row_gap_tablet&quot;:{&quot;unit&quot;:&quot;px&quot;,&quot;size&quot;:&quot;&quot;,&quot;sizes&quot;:[]},&quot;classic_row_gap_mobile&quot;:{&quot;unit&quot;:&quot;px&quot;,&quot;size&quot;:&quot;&quot;,&quot;sizes&quot;:[]}}\" data-widget_type=\"posts.classic\">\n\t\t\t\t<div class=\"elementor-widget-container\">\n\t\t\t\t\t\t\t<div class=\"elementor-posts-container elementor-posts elementor-posts--skin-classic elementor-grid\" role=\"list\">\n\t\t\t\t<article class=\"elementor-post elementor-grid-item post-836 post type-post status-publish format-standard has-post-thumbnail hentry category-casos-de-exit\" role=\"listitem\">\n\t\t\t\t<a class=\"elementor-post__thumbnail__link\" href=\"https:\/\/disorcafiltration.com\/ca\/cas-practic-solucio-microfiltracio-sector-cava\/\" tabindex=\"-1\" >\n\t\t\t<div class=\"elementor-post__thumbnail\"><img fetchpriority=\"high\" decoding=\"async\" width=\"1000\" height=\"667\" src=\"https:\/\/disorcafiltration.com\/wp-content\/uploads\/2020\/10\/shutterstock_546007498.jpg\" class=\"attachment-full size-full wp-image-780\" alt=\"\" srcset=\"https:\/\/disorcafiltration.com\/wp-content\/uploads\/2020\/10\/shutterstock_546007498.jpg 1000w, https:\/\/disorcafiltration.com\/wp-content\/uploads\/2020\/10\/shutterstock_546007498-300x200.jpg 300w, https:\/\/disorcafiltration.com\/wp-content\/uploads\/2020\/10\/shutterstock_546007498-768x512.jpg 768w\" sizes=\"(max-width: 1000px) 100vw, 1000px\" \/><\/div>\n\t\t<\/a>\n\t\t\t\t<div class=\"elementor-post__text\">\n\t\t\t\t<h3 class=\"elementor-post__title\">\n\t\t\t<a href=\"https:\/\/disorcafiltration.com\/ca\/cas-practic-solucio-microfiltracio-sector-cava\/\" >\n\t\t\t\tCas pr\u00e0ctic: soluci\u00f3 de microfiltraci\u00f3 al sector del cava\t\t\t<\/a>\n\t\t<\/h3>\n\t\t\t\t<div class=\"elementor-post__meta-data\">\n\t\t\t\t\t<span class=\"elementor-post-date\">\n\t\t\t17 desembre 2020\t\t<\/span>\n\t\t\t\t<\/div>\n\t\t\t\t<div class=\"elementor-post__excerpt\">\n\t\t\t<p>Soluci\u00f3 a mida per a un important productor Una coneguda marca de cava, situada al Top-10 de productors mundials de vi, va triar els nostres<\/p>\n\t\t<\/div>\n\t\t\n\t\t<a class=\"elementor-post__read-more\" href=\"https:\/\/disorcafiltration.com\/ca\/cas-practic-solucio-microfiltracio-sector-cava\/\" aria-label=\"Read more about Cas pr\u00e0ctic: soluci\u00f3 de microfiltraci\u00f3 al sector del cava\" tabindex=\"-1\" >\n\t\t\tLlegir m\u00e9s \u00bb\t\t<\/a>\n\n\t\t\t\t<\/div>\n\t\t\t\t<\/article>\n\t\t\t\t<article class=\"elementor-post elementor-grid-item post-837 post type-post status-publish format-standard has-post-thumbnail hentry category-casos-de-exit\" role=\"listitem\">\n\t\t\t\t<a class=\"elementor-post__thumbnail__link\" href=\"https:\/\/disorcafiltration.com\/ca\/purificadors-maxima-garantia-marca-cervesera-lider\/\" tabindex=\"-1\" >\n\t\t\t<div class=\"elementor-post__thumbnail\"><img decoding=\"async\" width=\"1000\" height=\"667\" src=\"https:\/\/disorcafiltration.com\/wp-content\/uploads\/2020\/12\/shutterstock_191643209.jpg\" class=\"attachment-full size-full wp-image-782\" alt=\"\" srcset=\"https:\/\/disorcafiltration.com\/wp-content\/uploads\/2020\/12\/shutterstock_191643209.jpg 1000w, https:\/\/disorcafiltration.com\/wp-content\/uploads\/2020\/12\/shutterstock_191643209-300x200.jpg 300w, https:\/\/disorcafiltration.com\/wp-content\/uploads\/2020\/12\/shutterstock_191643209-768x512.jpg 768w\" sizes=\"(max-width: 1000px) 100vw, 1000px\" \/><\/div>\n\t\t<\/a>\n\t\t\t\t<div class=\"elementor-post__text\">\n\t\t\t\t<h3 class=\"elementor-post__title\">\n\t\t\t<a href=\"https:\/\/disorcafiltration.com\/ca\/purificadors-maxima-garantia-marca-cervesera-lider\/\" >\n\t\t\t\tPurificadors de m\u00e0xima garantia per a una marca cervesera l\u00edder\t\t\t<\/a>\n\t\t<\/h3>\n\t\t\t\t<div class=\"elementor-post__meta-data\">\n\t\t\t\t\t<span class=\"elementor-post-date\">\n\t\t\t17 desembre 2020\t\t<\/span>\n\t\t\t\t<\/div>\n\t\t\t\t<div class=\"elementor-post__excerpt\">\n\t\t\t<p>Refor\u00e7ar al m\u00e0xim la seguretat sanit\u00e0ria del producte sense renunciar a l&#8217;excel\u00b7l\u00e8ncia en el sabor. Era el repte que ens va plantejar una de les<\/p>\n\t\t<\/div>\n\t\t\n\t\t<a class=\"elementor-post__read-more\" href=\"https:\/\/disorcafiltration.com\/ca\/purificadors-maxima-garantia-marca-cervesera-lider\/\" aria-label=\"Read more about Purificadors de m\u00e0xima garantia per a una marca cervesera l\u00edder\" tabindex=\"-1\" >\n\t\t\tLlegir m\u00e9s \u00bb\t\t<\/a>\n\n\t\t\t\t<\/div>\n\t\t\t\t<\/article>\n\t\t\t\t<\/div>\n\t\t\n\t\t\t\t\t\t<\/div>\n\t\t\t\t<\/div>\n\t\t\t\t\t<\/div>\n\t\t<\/div>\n\t\t\t\t<div class=\"elementor-column elementor-col-50 elementor-top-column elementor-element elementor-element-b83487a\" data-id=\"b83487a\" data-element_type=\"column\">\n\t\t\t<div class=\"elementor-widget-wrap elementor-element-populated\">\n\t\t\t\t\t\t<div class=\"elementor-element elementor-element-6fa8cb7 elementor-search-form--skin-classic elementor-search-form--button-type-icon elementor-search-form--icon-search elementor-widget elementor-widget-search-form\" data-id=\"6fa8cb7\" data-element_type=\"widget\" data-settings=\"{&quot;skin&quot;:&quot;classic&quot;}\" data-widget_type=\"search-form.default\">\n\t\t\t\t<div class=\"elementor-widget-container\">\n\t\t\t\t\t\t\t<search role=\"search\">\n\t\t\t<form class=\"elementor-search-form\" action=\"https:\/\/disorcafiltration.com\/ca\/\" method=\"get\">\n\t\t\t\t\t\t\t\t\t\t\t\t<div class=\"elementor-search-form__container\">\n\t\t\t\t\t<label class=\"elementor-screen-only\" for=\"elementor-search-form-6fa8cb7\">Search<\/label>\n\n\t\t\t\t\t\n\t\t\t\t\t<input id=\"elementor-search-form-6fa8cb7\" placeholder=\"Search...\" class=\"elementor-search-form__input\" type=\"search\" name=\"s\" value=\"\">\n\t\t\t\t\t\n\t\t\t\t\t\t\t\t\t\t\t<button class=\"elementor-search-form__submit\" type=\"submit\" aria-label=\"Search\">\n\t\t\t\t\t\t\t\t\t\t\t\t\t\t\t<i aria-hidden=\"true\" class=\"fas fa-search\"><\/i>\t\t\t\t\t\t\t\t\t\t\t\t\t<\/button>\n\t\t\t\t\t\n\t\t\t\t\t\t\t\t\t<\/div>\n\t\t\t<\/form>\n\t\t<\/search>\n\t\t\t\t\t\t<\/div>\n\t\t\t\t<\/div>\n\t\t\t\t<div class=\"elementor-element elementor-element-b68508c elementor-widget-divider--view-line elementor-widget elementor-widget-divider\" data-id=\"b68508c\" data-element_type=\"widget\" data-widget_type=\"divider.default\">\n\t\t\t\t<div class=\"elementor-widget-container\">\n\t\t\t\t\t\t\t<div class=\"elementor-divider\">\n\t\t\t<span class=\"elementor-divider-separator\">\n\t\t\t\t\t\t<\/span>\n\t\t<\/div>\n\t\t\t\t\t\t<\/div>\n\t\t\t\t<\/div>\n\t\t\t\t<div class=\"elementor-element elementor-element-30c6c9d elementor-icon-list--layout-traditional elementor-list-item-link-full_width elementor-widget elementor-widget-icon-list\" data-id=\"30c6c9d\" data-element_type=\"widget\" data-widget_type=\"icon-list.default\">\n\t\t\t\t<div class=\"elementor-widget-container\">\n\t\t\t\t\t\t\t<ul class=\"elementor-icon-list-items\">\n\t\t\t\t\t\t\t<li class=\"elementor-icon-list-item\">\n\t\t\t\t\t\t\t\t\t\t\t<span class=\"elementor-icon-list-icon\">\n\t\t\t\t\t\t\t<i aria-hidden=\"true\" class=\"fas fa-tags\"><\/i>\t\t\t\t\t\t<\/span>\n\t\t\t\t\t\t\t\t\t\t<span class=\"elementor-icon-list-text\">Categories<\/span>\n\t\t\t\t\t\t\t\t\t<\/li>\n\t\t\t\t\t\t<\/ul>\n\t\t\t\t\t\t<\/div>\n\t\t\t\t<\/div>\n\t\t\t\t<div class=\"elementor-element elementor-element-0bfd1d1 elementor-widget elementor-widget-wp-widget-categories\" data-id=\"0bfd1d1\" data-element_type=\"widget\" id=\"categorias\" data-widget_type=\"wp-widget-categories.default\">\n\t\t\t\t<div class=\"elementor-widget-container\">\n\t\t\t\t\t<h5>Categories<\/h5>\n\t\t\t<ul>\n\t\t\t\t\t<li class=\"cat-item cat-item-29\"><a href=\"https:\/\/disorcafiltration.com\/ca\/category\/casos-de-exit\/\">Casos d&#039;\u00e8xit<\/a>\n<\/li>\n\t\t\t<\/ul>\n\n\t\t\t\t\t\t\t<\/div>\n\t\t\t\t<\/div>\n\t\t\t\t<div class=\"elementor-element elementor-element-4c2446e elementor-widget-divider--view-line elementor-widget elementor-widget-divider\" data-id=\"4c2446e\" data-element_type=\"widget\" data-widget_type=\"divider.default\">\n\t\t\t\t<div class=\"elementor-widget-container\">\n\t\t\t\t\t\t\t<div class=\"elementor-divider\">\n\t\t\t<span class=\"elementor-divider-separator\">\n\t\t\t\t\t\t<\/span>\n\t\t<\/div>\n\t\t\t\t\t\t<\/div>\n\t\t\t\t<\/div>\n\t\t\t\t<div class=\"elementor-element elementor-element-3dd4a2f elementor-icon-list--layout-traditional elementor-list-item-link-full_width elementor-widget elementor-widget-icon-list\" data-id=\"3dd4a2f\" data-element_type=\"widget\" data-widget_type=\"icon-list.default\">\n\t\t\t\t<div class=\"elementor-widget-container\">\n\t\t\t\t\t\t\t<ul class=\"elementor-icon-list-items\">\n\t\t\t\t\t\t\t<li class=\"elementor-icon-list-item\">\n\t\t\t\t\t\t\t\t\t\t\t<span class=\"elementor-icon-list-icon\">\n\t\t\t\t\t\t\t<i aria-hidden=\"true\" class=\"fas fa-hashtag\"><\/i>\t\t\t\t\t\t<\/span>\n\t\t\t\t\t\t\t\t\t\t<span class=\"elementor-icon-list-text\">Etiquetas<\/span>\n\t\t\t\t\t\t\t\t\t<\/li>\n\t\t\t\t\t\t<\/ul>\n\t\t\t\t\t\t<\/div>\n\t\t\t\t<\/div>\n\t\t\t\t<div class=\"elementor-element elementor-element-67e95dd elementor-widget-divider--view-line elementor-widget elementor-widget-divider\" data-id=\"67e95dd\" data-element_type=\"widget\" data-widget_type=\"divider.default\">\n\t\t\t\t<div class=\"elementor-widget-container\">\n\t\t\t\t\t\t\t<div class=\"elementor-divider\">\n\t\t\t<span class=\"elementor-divider-separator\">\n\t\t\t\t\t\t<\/span>\n\t\t<\/div>\n\t\t\t\t\t\t<\/div>\n\t\t\t\t<\/div>\n\t\t\t\t<div class=\"elementor-element elementor-element-8140cea elementor-icon-list--layout-traditional elementor-list-item-link-full_width elementor-widget elementor-widget-icon-list\" data-id=\"8140cea\" data-element_type=\"widget\" data-widget_type=\"icon-list.default\">\n\t\t\t\t<div class=\"elementor-widget-container\">\n\t\t\t\t\t\t\t<ul class=\"elementor-icon-list-items\">\n\t\t\t\t\t\t\t<li class=\"elementor-icon-list-item\">\n\t\t\t\t\t\t\t\t\t\t\t<a href=\"https:\/\/www.linkedin.com\/company\/disorca-filtration\/?originalSubdomain=es\" target=\"_blank\">\n\n\t\t\t\t\t\t\t\t\t\t\t\t<span class=\"elementor-icon-list-icon\">\n\t\t\t\t\t\t\t<i aria-hidden=\"true\" class=\"fab fa-linkedin-in\"><\/i>\t\t\t\t\t\t<\/span>\n\t\t\t\t\t\t\t\t\t\t<span class=\"elementor-icon-list-text\">Disorca Filtration<\/span>\n\t\t\t\t\t\t\t\t\t\t\t<\/a>\n\t\t\t\t\t\t\t\t\t<\/li>\n\t\t\t\t\t\t<\/ul>\n\t\t\t\t\t\t<\/div>\n\t\t\t\t<\/div>\n\t\t\t\t\t<\/div>\n\t\t<\/div>\n\t\t\t\t\t<\/div>\n\t\t<\/section>\n\t\t\t\t<\/div>\n\t\t","protected":false},"excerpt":{"rendered":"<p>Blog Categories Etiquetas Disorca Filtration<\/p>\n","protected":false},"author":1,"featured_media":0,"parent":0,"menu_order":0,"comment_status":"closed","ping_status":"closed","template":"","meta":{"footnotes":""},"class_list":["post-783","page","type-page","status-publish","hentry"],"yoast_head":"<!-- This site is optimized with the Yoast SEO plugin v26.1 - https:\/\/yoast.com\/wordpress\/plugins\/seo\/ -->\n<title>Blog de solucions de microfiltraci\u00f3 | Disorca Filtration<\/title>\n<meta name=\"description\" content=\"Al blog de Disorca Filtration trobar\u00e0s totes les novetats i not\u00edcies sobre microfiltraci\u00f3 per al sector del food&amp;beverag.\" \/>\n<meta name=\"robots\" content=\"index, follow, max-snippet:-1, max-image-preview:large, max-video-preview:-1\" \/>\n<link rel=\"canonical\" href=\"https:\/\/disorcafiltration.com\/ca\/blog\/\" \/>\n<meta property=\"og:locale\" content=\"ca_ES\" \/>\n<meta property=\"og:type\" content=\"article\" \/>\n<meta property=\"og:title\" content=\"Blog de solucions de microfiltraci\u00f3 | Disorca Filtration\" \/>\n<meta property=\"og:description\" content=\"Al blog de Disorca Filtration trobar\u00e0s totes les novetats i not\u00edcies sobre microfiltraci\u00f3 per al sector del food&amp;beverag.\" \/>\n<meta property=\"og:url\" content=\"https:\/\/disorcafiltration.com\/ca\/blog\/\" \/>\n<meta property=\"og:site_name\" content=\"Disorca filtration\" \/>\n<meta property=\"article:modified_time\" content=\"2021-03-20T10:26:38+00:00\" \/>\n<meta name=\"twitter:card\" content=\"summary_large_image\" \/>\n<script type=\"application\/ld+json\" class=\"yoast-schema-graph\">{\"@context\":\"https:\/\/schema.org\",\"@graph\":[{\"@type\":\"WebPage\",\"@id\":\"https:\/\/disorcafiltration.com\/ca\/blog\/\",\"url\":\"https:\/\/disorcafiltration.com\/ca\/blog\/\",\"name\":\"Blog de solucions de microfiltraci\u00f3 | Disorca Filtration\",\"isPartOf\":{\"@id\":\"https:\/\/disorcafiltration.com\/ca\/#website\"},\"datePublished\":\"2020-12-17T16:04:33+00:00\",\"dateModified\":\"2021-03-20T10:26:38+00:00\",\"description\":\"Al blog de Disorca Filtration trobar\u00e0s totes les novetats i not\u00edcies sobre microfiltraci\u00f3 per al sector del food&beverag.\",\"breadcrumb\":{\"@id\":\"https:\/\/disorcafiltration.com\/ca\/blog\/#breadcrumb\"},\"inLanguage\":\"ca\",\"potentialAction\":[{\"@type\":\"ReadAction\",\"target\":[\"https:\/\/disorcafiltration.com\/ca\/blog\/\"]}]},{\"@type\":\"BreadcrumbList\",\"@id\":\"https:\/\/disorcafiltration.com\/ca\/blog\/#breadcrumb\",\"itemListElement\":[{\"@type\":\"ListItem\",\"position\":1,\"name\":\"Portada\",\"item\":\"https:\/\/disorcafiltration.com\/ca\/\"},{\"@type\":\"ListItem\",\"position\":2,\"name\":\"Blog\"}]},{\"@type\":\"WebSite\",\"@id\":\"https:\/\/disorcafiltration.com\/ca\/#website\",\"url\":\"https:\/\/disorcafiltration.com\/ca\/\",\"name\":\"Disorca filtration\",\"description\":\"Disorca filtration\",\"publisher\":{\"@id\":\"https:\/\/disorcafiltration.com\/ca\/#organization\"},\"potentialAction\":[{\"@type\":\"SearchAction\",\"target\":{\"@type\":\"EntryPoint\",\"urlTemplate\":\"https:\/\/disorcafiltration.com\/ca\/?s={search_term_string}\"},\"query-input\":{\"@type\":\"PropertyValueSpecification\",\"valueRequired\":true,\"valueName\":\"search_term_string\"}}],\"inLanguage\":\"ca\"},{\"@type\":\"Organization\",\"@id\":\"https:\/\/disorcafiltration.com\/ca\/#organization\",\"name\":\"Disorca Filtration\",\"url\":\"https:\/\/disorcafiltration.com\/ca\/\",\"logo\":{\"@type\":\"ImageObject\",\"inLanguage\":\"ca\",\"@id\":\"https:\/\/disorcafiltration.com\/ca\/#\/schema\/logo\/image\/\",\"url\":\"https:\/\/disorcafiltration.com\/wp-content\/uploads\/2020\/10\/logotipo-disorca-hz.png\",\"contentUrl\":\"https:\/\/disorcafiltration.com\/wp-content\/uploads\/2020\/10\/logotipo-disorca-hz.png\",\"width\":438,\"height\":132,\"caption\":\"Disorca Filtration\"},\"image\":{\"@id\":\"https:\/\/disorcafiltration.com\/ca\/#\/schema\/logo\/image\/\"}}]}<\/script>\n<!-- \/ Yoast SEO plugin. -->","yoast_head_json":{"title":"Blog de solucions de microfiltraci\u00f3 | Disorca Filtration","description":"Al blog de Disorca Filtration trobar\u00e0s totes les novetats i not\u00edcies sobre microfiltraci\u00f3 per al sector del food&beverag.","robots":{"index":"index","follow":"follow","max-snippet":"max-snippet:-1","max-image-preview":"max-image-preview:large","max-video-preview":"max-video-preview:-1"},"canonical":"https:\/\/disorcafiltration.com\/ca\/blog\/","og_locale":"ca_ES","og_type":"article","og_title":"Blog de solucions de microfiltraci\u00f3 | Disorca Filtration","og_description":"Al blog de Disorca Filtration trobar\u00e0s totes les novetats i not\u00edcies sobre microfiltraci\u00f3 per al sector del food&beverag.","og_url":"https:\/\/disorcafiltration.com\/ca\/blog\/","og_site_name":"Disorca filtration","article_modified_time":"2021-03-20T10:26:38+00:00","twitter_card":"summary_large_image","schema":{"@context":"https:\/\/schema.org","@graph":[{"@type":"WebPage","@id":"https:\/\/disorcafiltration.com\/ca\/blog\/","url":"https:\/\/disorcafiltration.com\/ca\/blog\/","name":"Blog de solucions de microfiltraci\u00f3 | Disorca Filtration","isPartOf":{"@id":"https:\/\/disorcafiltration.com\/ca\/#website"},"datePublished":"2020-12-17T16:04:33+00:00","dateModified":"2021-03-20T10:26:38+00:00","description":"Al blog de Disorca Filtration trobar\u00e0s totes les novetats i not\u00edcies sobre microfiltraci\u00f3 per al sector del food&beverag.","breadcrumb":{"@id":"https:\/\/disorcafiltration.com\/ca\/blog\/#breadcrumb"},"inLanguage":"ca","potentialAction":[{"@type":"ReadAction","target":["https:\/\/disorcafiltration.com\/ca\/blog\/"]}]},{"@type":"BreadcrumbList","@id":"https:\/\/disorcafiltration.com\/ca\/blog\/#breadcrumb","itemListElement":[{"@type":"ListItem","position":1,"name":"Portada","item":"https:\/\/disorcafiltration.com\/ca\/"},{"@type":"ListItem","position":2,"name":"Blog"}]},{"@type":"WebSite","@id":"https:\/\/disorcafiltration.com\/ca\/#website","url":"https:\/\/disorcafiltration.com\/ca\/","name":"Disorca filtration","description":"Disorca filtration","publisher":{"@id":"https:\/\/disorcafiltration.com\/ca\/#organization"},"potentialAction":[{"@type":"SearchAction","target":{"@type":"EntryPoint","urlTemplate":"https:\/\/disorcafiltration.com\/ca\/?s={search_term_string}"},"query-input":{"@type":"PropertyValueSpecification","valueRequired":true,"valueName":"search_term_string"}}],"inLanguage":"ca"},{"@type":"Organization","@id":"https:\/\/disorcafiltration.com\/ca\/#organization","name":"Disorca Filtration","url":"https:\/\/disorcafiltration.com\/ca\/","logo":{"@type":"ImageObject","inLanguage":"ca","@id":"https:\/\/disorcafiltration.com\/ca\/#\/schema\/logo\/image\/","url":"https:\/\/disorcafiltration.com\/wp-content\/uploads\/2020\/10\/logotipo-disorca-hz.png","contentUrl":"https:\/\/disorcafiltration.com\/wp-content\/uploads\/2020\/10\/logotipo-disorca-hz.png","width":438,"height":132,"caption":"Disorca Filtration"},"image":{"@id":"https:\/\/disorcafiltration.com\/ca\/#\/schema\/logo\/image\/"}}]}},"_links":{"self":[{"href":"https:\/\/disorcafiltration.com\/ca\/wp-json\/wp\/v2\/pages\/783","targetHints":{"allow":["GET"]}}],"collection":[{"href":"https:\/\/disorcafiltration.com\/ca\/wp-json\/wp\/v2\/pages"}],"about":[{"href":"https:\/\/disorcafiltration.com\/ca\/wp-json\/wp\/v2\/types\/page"}],"author":[{"embeddable":true,"href":"https:\/\/disorcafiltration.com\/ca\/wp-json\/wp\/v2\/users\/1"}],"replies":[{"embeddable":true,"href":"https:\/\/disorcafiltration.com\/ca\/wp-json\/wp\/v2\/comments?post=783"}],"version-history":[{"count":10,"href":"https:\/\/disorcafiltration.com\/ca\/wp-json\/wp\/v2\/pages\/783\/revisions"}],"predecessor-version":[{"id":962,"href":"https:\/\/disorcafiltration.com\/ca\/wp-json\/wp\/v2\/pages\/783\/revisions\/962"}],"wp:attachment":[{"href":"https:\/\/disorcafiltration.com\/ca\/wp-json\/wp\/v2\/media?parent=783"}],"curies":[{"name":"wp","href":"https:\/\/api.w.org\/{rel}","templated":true}]}}